{"id":81,"date":"2012-09-17T11:44:38","date_gmt":"2012-09-17T09:44:38","guid":{"rendered":"https:\/\/fantastycznaprzygoda.suszka.eu?page_id=81"},"modified":"2024-09-23T12:48:56","modified_gmt":"2024-09-23T10:48:56","slug":"o-nas","status":"publish","type":"page","link":"https:\/\/fantastycznaprzygoda.suszka.eu\/?page_id=81","title":{"rendered":"Fantastyczna Przygoda"},"content":{"rendered":"<div>\n<p style=\"text-align: center; padding-left: 30px;\" align=\"center\">Punkt Przedszkolny &#8222;Fantastyczna Przygoda&#8221; powsta\u0142 z inicjatywy i wsp\u00f3\u0142pracuje z firm\u0105 <a href=\"http:\/\/www.future-processing.com\" target=\"_blank\" rel=\"noopener\">Future Processing<\/a>. Do grupy <strong>Rysie<\/strong>&nbsp;mo\u017ce ucz\u0119szcza\u0107 19 dzieci. Ze wzgl\u0119du na du\u017ce zainteresowanie Przedszkolem w pa\u017adzierniku 2014 roku otwarta zosta\u0142a &#8222;<strong>Fantastyczna Przygoda 2<\/strong>&#8222;. Do <strong>S\u00f3wek<\/strong>&nbsp;ucz\u0119szcza\u0107 mo\u017ce 22 dzieci.<\/p>\n<p style=\"text-align: left;\" align=\"center\">Od 01.11.2020 r. dzia\u0142amy jako&nbsp;&nbsp;<b>Przedszkole Niepubliczne Fantastyczna Przygoda&nbsp;<\/b>i nale\u017cymy pod&nbsp;<b>&nbsp;Fundacj\u0119 Fantastyczna Przygoda,&nbsp;<\/b>kt\u00f3ra zosta\u0142a powo\u0142ana przez <strong>Future Processing.<\/strong><\/p>\n<p align=\"center\"><!--more--><\/p>\n<p align=\"center\"><em><strong>Czesne<\/strong><\/em><\/p>\n<p style=\"text-align: left;\" align=\"center\">Czesne w naszej plac\u00f3wce wynosi 1000 z\u0142. W sk\u0142ad czesnego wychodzi wyprawka (wszelkie pomoce do zaj\u0119\u0107 plastycznych &#8211; kleje, farby, papiery, itp), &nbsp;\u015brodki higieniczne, podr\u0119czniki, op\u0142ata za cz\u0119\u015b\u0107 zaj\u0119\u0107 dodatkowych.<\/p>\n<p align=\"center\">nr konta bankowego plac\u00f3wki:&nbsp;<b>79 1050 1298 1000 0090 8105 0834<\/b><\/p>\n<p align=\"center\"><!--more--><\/p>\n<p align=\"center\"><em><strong>Godziny otwarcia oraz informacje o nieobecno\u015bciach<\/strong><\/em><\/p>\n<ul>\n<li style=\"text-align: left;\">Punkty Przedszkolne otwarte s\u0105&nbsp;codziennie od poniedzia\u0142ku do pi\u0105tku w godzinach od 7.00 do 17.00.<\/li>\n<li style=\"text-align: left;\">Nieobecno\u015b\u0107 dziecka prosimy zg\u0142asza\u0107 do godziny 12.00 w dniu poprzedzaj\u0105cym nieobecno\u015b\u0107 w przedszkolu.<\/li>\n<li style=\"text-align: left;\">Nieobecno\u015bci poniedzia\u0142kowe zg\u0142aszamy w pi\u0105tki.<\/li>\n<\/ul>\n<p align=\"center\"><!--more--><\/p>\n<p align=\"center\"><strong><em>Zaj\u0119cia dodatkowe w roku szkolnym 2024\\2025<\/em><\/strong><\/p>\n<p style=\"text-align: left;\" align=\"center\">Poniedzia\u0142ek &#8211;&nbsp; &nbsp; logopedia, j\u0119zyk angielski , judo<\/p>\n<p style=\"text-align: left;\" align=\"center\">Wtorek-&nbsp; szachy, basen<\/p>\n<p style=\"text-align: left;\" align=\"center\">\u015aroda &#8211; logopedia, matematyka<\/p>\n<p style=\"text-align: left;\" align=\"center\">Czwartek &#8211; j\u0119zyk hiszpa\u0144ski, robotyka<\/p>\n<p style=\"text-align: left;\" align=\"center\">Pi\u0105tek &#8211; rytmika, pi\u0142ka no\u017cna<\/p>\n<p style=\"text-align: left;\" align=\"center\">gimnastyka z elementami gimnastyki korekcyjnej &#8211; zaj\u0119cia ruchome<\/p>\n<p style=\"text-align: left;\" align=\"center\"><!--more--><\/p>\n<p align=\"center\"><em><strong>Zapisy dziecka do przedszkola<\/strong><\/em><\/p>\n<p align=\"center\">Zapis\u00f3w dokonujemy osobi\u015bcie w przedszkolu. W zak\u0142adce dokumenty mo\u017cna pobra\u0107 kart\u0119 zg\u0142oszenia.<!--more--><\/p>\n<p align=\"center\"><strong><em>Misja i Wizja Fantastycznej Przygody<\/em><\/strong><strong><em>&nbsp;<\/em><\/strong><\/p>\n<p align=\"center\"><em><span style=\"text-decoration: underline;\">U nas rozpoczniesz Fantastyczn\u0105 Przygod\u0119 z nauk\u0105 i zabaw\u0105.<\/span><\/em><\/p>\n<p><strong><em><span style=\"text-decoration: underline;\">WIZJA<\/span><\/em><\/strong><\/p>\n<p><em>Chcemy aby Fantastyczna Przygoda sta\u0142a si\u0119 dla \u201eNaszych Dzieci\u201d drugim domem, miejscem fantastycznej zabawy, zdobywania nowych do\u015bwiadcze\u0144 i pog\u0142\u0119biania wiedzy w atmosferze przyja\u017ani i akceptacji. <\/em><\/p>\n<p><strong><em><span style=\"text-decoration: underline;\">MISJA<\/span><\/em><\/strong><\/p>\n<p><em>Misja <span style=\"text-decoration: underline;\">Fantastycznej Przygody<\/span> pokrywa si\u0119 z warto\u015bciami <span style=\"text-decoration: underline;\">Future-Processing.<\/span><\/em><\/p>\n<p><em>Stawiamy na:<\/em><\/p>\n<p><strong><em>Jako\u015b\u0107:<\/em><\/strong><\/p>\n<ul>\n<li><em>Wysoko kwalifikowana kadra pedagogiczna prowadz\u0105c\u0105 zaj\u0119cia.<\/em><\/li>\n<li><em>Funkcjonalne i estetyczne sale zaj\u0119\u0107.<\/em><\/li>\n<li><em>Nowoczesny i bezpiecznie urz\u0105dzony, kolorowy plac zabaw z ogr\u00f3dkiem upraw prowadzonych przez dzieci.<\/em><\/li>\n<li><em>Posiadamy obszern\u0105 literatur\u0119 dla dzieci.<\/em><\/li>\n<li><em>Nowoczesne pomoce dydaktyczne do zaj\u0119\u0107.<\/em><\/li>\n<\/ul>\n<\/div>\n<div>\n<p><strong><em>Atmosfera:<\/em><\/strong><\/p>\n<ul>\n<li><em>Stawiamy na szcz\u0119\u015bliwe dzieci\u0144stwo i wszechstronny rozw\u00f3j ka\u017cdego dziecka.<\/em><\/li>\n<li><em>Indywidualizujemy prac\u0119 z dzie\u0107mi, uwzgl\u0119dniaj\u0105c&nbsp; ich zainteresowania, zdolno\u015bci i potrzeby.<\/em><\/li>\n<li><em>Stwarzamy atmosfer\u0119 akceptacji, wzajemnego zaufania i bezpiecze\u0144stwa, w kt\u00f3rej dziecko bawi si\u0119, uczy, nabywa umiej\u0119tno\u015bci rozwijaj\u0105c swoj\u0105&nbsp; osobowo\u015b\u0107 i aktywno\u015b\u0107 wobec siebie, innych ludzi i otaczaj\u0105cego \u015bwiata.<\/em><\/li>\n<\/ul>\n<p><strong><em>Team Spirit <\/em><\/strong><\/p>\n<ul>\n<li><em>Umo\u017cliwiamy rodzicom uczestnictwo w codziennym \u017cyciu plac\u00f3wki (imprezy okoliczno\u015bciowe, zaj\u0119cia integracyjne dla dzieci i rodzic\u00f3w).<\/em><\/li>\n<li><em>Staramy si\u0119 wspiera\u0107 rodzic\u00f3w, pomaga\u0107 im rozwi\u0105zywa\u0107 problemy wychowawcze.<\/em><\/li>\n<li><em>Stawiamy na partnerskie relacje z rodzicami.<\/em><\/li>\n<\/ul>\n<p><strong><em>Rozw\u00f3j<\/em><\/strong><\/p>\n<ul>\n<li><em>Inicjujemy zachowania proekologiczne.<\/em><\/li>\n<li><em>Tworzymy okazje do nabywania umiej\u0119tno\u015bci poprzez dzia\u0142anie.<\/em><\/li>\n<li><em>Zach\u0119camy do budowania konstruktywnych wi\u0119zi i nawi\u0105zywania przyjacielskich kontakt\u00f3w z r\u00f3wie\u015bnikami.<\/em><\/li>\n<li><em>Uczymy swobodnego wyra\u017cania pr\u00f3\u015bb i oczekiwa\u0144, wspieramy w d\u0105\u017ceniu do posiadania w\u0142asnego zdania na ka\u017cdy temat.<\/em><\/li>\n<\/ul>\n<\/div>\n<p><strong><em>Pasja i Zaanga\u017cowanie<\/em><\/strong><\/p>\n<ul>\n<li><em>Stwarzamy naszym wychowankom, warunki do wszechstronnego rozwoju na miar\u0119 ich potrzeb i mo\u017cliwo\u015bci.<\/em><\/li>\n<li><em>Kreujemy postawy aktywne, tw\u00f3rcze, wspieramy dzia\u0142ania dziecka&nbsp;w r\u00f3\u017cnych dziedzinach aktywno\u015bci.<\/em><\/li>\n<li><em>Rozbudzamy zainteresowania otaczaj\u0105cym \u015bwiatem przyrodniczym, kulturowym&nbsp;i spo\u0142ecznym.<\/em><\/li>\n<li><em>Rozbudzamy wiar\u0119 dziecka we w\u0142asn\u0105 skuteczno\u015b\u0107.<\/em><\/li>\n<li><em>Pomagamy dzieciom w pozytywnym postrzeganiu siebie i rozumieniu swoich uczu\u0107.<\/em><\/li>\n<li><em>Traktujemy ka\u017cde dziecko indywidualnie i podmiotowo.<\/em><\/li>\n<li><em>Wdra\u017camy do zachowa\u0144 spo\u0142ecznie akceptowanych.<\/em><\/li>\n<\/ul>\n","protected":false},"excerpt":{"rendered":"<p>Punkt Przedszkolny &#8222;Fantastyczna Przygoda&#8221; powsta\u0142 z inicjatywy i wsp\u00f3\u0142pracuje z firm\u0105 Future Processing. Do grupy Rysie&nbsp;mo\u017ce ucz\u0119szcza\u0107 19 dzieci. Ze wzgl\u0119du na du\u017ce zainteresowanie Przedszkolem w pa\u017adzierniku 2014 roku otwarta zosta\u0142a &#8222;Fantastyczna Przygoda 2&#8222;. Do S\u00f3wek&nbsp;ucz\u0119szcza\u0107 mo\u017ce 22 dzieci. Od 01.11.2020 r. dzia\u0142amy jako&nbsp;&nbsp;Przedszkole Niepubliczne Fantastyczna Przygoda&nbsp;i nale\u017cymy pod&nbsp;&nbsp;Fundacj\u0119 Fantastyczna Przygoda,&nbsp;kt\u00f3ra zosta\u0142a powo\u0142ana przez Future [&hellip;]<\/p>\n","protected":false},"author":20,"featured_media":0,"parent":15588,"menu_order":0,"comment_status":"closed","ping_status":"closed","template":"","meta":{"footnotes":""},"class_list":["post-81","page","type-page","status-publish","hentry"],"_links":{"self":[{"href":"https:\/\/fantastycznaprzygoda.suszka.eu\/index.php?rest_route=\/wp\/v2\/pages\/81"}],"collection":[{"href":"https:\/\/fantastycznaprzygoda.suszka.eu\/index.php?rest_route=\/wp\/v2\/pages"}],"about":[{"href":"https:\/\/fantastycznaprzygoda.suszka.eu\/index.php?rest_route=\/wp\/v2\/types\/page"}],"author":[{"embeddable":true,"href":"https:\/\/fantastycznaprzygoda.suszka.eu\/index.php?rest_route=\/wp\/v2\/users\/20"}],"replies":[{"embeddable":true,"href":"https:\/\/fantastycznaprzygoda.suszka.eu\/index.php?rest_route=%2Fwp%2Fv2%2Fcomments&post=81"}],"version-history":[{"count":73,"href":"https:\/\/fantastycznaprzygoda.suszka.eu\/index.php?rest_route=\/wp\/v2\/pages\/81\/revisions"}],"predecessor-version":[{"id":51703,"href":"https:\/\/fantastycznaprzygoda.suszka.eu\/index.php?rest_route=\/wp\/v2\/pages\/81\/revisions\/51703"}],"up":[{"embeddable":true,"href":"https:\/\/fantastycznaprzygoda.suszka.eu\/index.php?rest_route=\/wp\/v2\/pages\/15588"}],"wp:attachment":[{"href":"https:\/\/fantastycznaprzygoda.suszka.eu\/index.php?rest_route=%2Fwp%2Fv2%2Fmedia&parent=81"}],"curies":[{"name":"wp","href":"https:\/\/api.w.org\/{rel}","templated":true}]}}