{"id":52,"date":"2012-09-05T18:12:15","date_gmt":"2012-09-05T16:12:15","guid":{"rendered":"http:\/\/localhost\/przedszkole\/?page_id=52"},"modified":"2024-06-07T12:25:35","modified_gmt":"2024-06-07T10:25:35","slug":"dokumenty","status":"publish","type":"page","link":"https:\/\/fantastycznaprzygoda.suszka.eu\/?page_id=52","title":{"rendered":"Dokumenty"},"content":{"rendered":"<p><a href=\"https:\/\/fantastycznaprzygoda.suszka.eu?attachment_id=51685\" rel=\"attachment wp-att-51685\">Standardy OCHRONY MA\u0141OLETNICH w Fantastycznej Przygodzie 3 2024<\/a><\/p>\n<p><a href=\"https:\/\/fantastycznaprzygoda.suszka.eu?attachment_id=51681\" rel=\"attachment wp-att-51681\">Standardy\u00a0 OCHRONY MA\u0141OLETNICH w Fantastycznej Przygodzie 2024<\/a><\/p>\n<p><a href=\"https:\/\/fantastycznaprzygoda.suszka.eu?attachment_id=51588\" rel=\"attachment wp-att-51588\">Statut Fantastyczna Przygoda<\/a><\/p>\n<p><a href=\"https:\/\/fantastycznaprzygoda.suszka.eu?attachment_id=51519\" rel=\"attachment wp-att-51519\">Statut Niepublicznego Przedszkola Fantastyczna Przygoda 3<\/a><\/p>\n<p><a href=\"https:\/\/fantastycznaprzygoda.suszka.eu?attachment_id=51643\">Regulamin rekrutacji <\/a><\/p>\n<p><a href=\"https:\/\/fantastycznaprzygoda.suszka.eu?attachment_id=51516\" rel=\"attachment wp-att-51516\">Karta zg\u0142oszenia dziecka do Fantastycznej Przygody<\/a><\/p>\n<p><a href=\"https:\/\/fantastycznaprzygoda.suszka.euwp-content\/uploads\/2018\/09\/Klauzula-informacyjna-dla-Rodzic\u00f3w.docx\">Klauzula informacyjna dla Rodzic\u00f3w<\/a><\/p>\n<p><a href=\"https:\/\/fantastycznaprzygoda.suszka.euwp-content\/uploads\/2019\/10\/RAMOWY-ROZK\u0141AD-DNIA-W-FANTASTYCZNEJ-PRZYGODZIE-2019-2020.docx\" rel=\"attachment wp-att-14632\">Ramowy rozk\u0142ad dnia w Fantastycznej Przygodzie<\/a><\/p>\n<p><a href=\"https:\/\/fantastycznaprzygoda.suszka.euwp-content\/uploads\/2019\/10\/RAMOWY-ROZK\u0141AD-DNIA-W-FANTASTYCZNEJ-PRZYGODZIE-2-2019-2020.docx\" rel=\"attachment wp-att-14633\">Ramowy rozk\u0142ad dnia w Fantastycznej Przygodzie 3<\/a><\/p>\n<p><a href=\"https:\/\/fantastycznaprzygoda.suszka.eu?attachment_id=27999\" rel=\"attachment wp-att-27999\">Rozwi\u0105zanie umowy \u015bwiadczenia us\u0142ug FP<\/a><\/p>\n","protected":false},"excerpt":{"rendered":"<p>Standardy OCHRONY MA\u0141OLETNICH w Fantastycznej Przygodzie 3 2024 Standardy\u00a0 OCHRONY MA\u0141OLETNICH w Fantastycznej Przygodzie 2024 Statut Fantastyczna Przygoda Statut Niepublicznego Przedszkola Fantastyczna Przygoda 3 Regulamin rekrutacji Karta zg\u0142oszenia dziecka do Fantastycznej Przygody Klauzula informacyjna dla Rodzic\u00f3w Ramowy rozk\u0142ad dnia w Fantastycznej Przygodzie Ramowy rozk\u0142ad dnia w Fantastycznej Przygodzie 3 Rozwi\u0105zanie umowy \u015bwiadczenia us\u0142ug FP<\/p>\n","protected":false},"author":20,"featured_media":0,"parent":0,"menu_order":0,"comment_status":"closed","ping_status":"closed","template":"","meta":{"footnotes":""},"class_list":["post-52","page","type-page","status-publish","hentry"],"_links":{"self":[{"href":"https:\/\/fantastycznaprzygoda.suszka.eu\/index.php?rest_route=\/wp\/v2\/pages\/52"}],"collection":[{"href":"https:\/\/fantastycznaprzygoda.suszka.eu\/index.php?rest_route=\/wp\/v2\/pages"}],"about":[{"href":"https:\/\/fantastycznaprzygoda.suszka.eu\/index.php?rest_route=\/wp\/v2\/types\/page"}],"author":[{"embeddable":true,"href":"https:\/\/fantastycznaprzygoda.suszka.eu\/index.php?rest_route=\/wp\/v2\/users\/20"}],"replies":[{"embeddable":true,"href":"https:\/\/fantastycznaprzygoda.suszka.eu\/index.php?rest_route=%2Fwp%2Fv2%2Fcomments&post=52"}],"version-history":[{"count":66,"href":"https:\/\/fantastycznaprzygoda.suszka.eu\/index.php?rest_route=\/wp\/v2\/pages\/52\/revisions"}],"predecessor-version":[{"id":51687,"href":"https:\/\/fantastycznaprzygoda.suszka.eu\/index.php?rest_route=\/wp\/v2\/pages\/52\/revisions\/51687"}],"wp:attachment":[{"href":"https:\/\/fantastycznaprzygoda.suszka.eu\/index.php?rest_route=%2Fwp%2Fv2%2Fmedia&parent=52"}],"curies":[{"name":"wp","href":"https:\/\/api.w.org\/{rel}","templated":true}]}}