{"id":48,"date":"2012-09-05T18:08:31","date_gmt":"2012-09-05T16:08:31","guid":{"rendered":"http:\/\/localhost\/przedszkole\/?page_id=48"},"modified":"2024-09-23T12:48:16","modified_gmt":"2024-09-23T10:48:16","slug":"kontakt","status":"publish","type":"page","link":"https:\/\/fantastycznaprzygoda.suszka.eu\/?page_id=48","title":{"rendered":"Kontakt"},"content":{"rendered":"<p class=\"fr\"><strong>Fantastyczna Przygoda<br \/>\n(S\u00f3wki i Rysie)<\/strong><br \/>\nBojkowska 37AA<br \/>\n44-100 Gliwice<br \/>\n+48 32 461 23 21<br \/>\n<strong>fantastycznaprzygoda@fantastycznaprzygoda.suszka.eu<\/strong><\/p>\n<p>&nbsp;<\/p>\n<p>&nbsp;<\/p>\n<p>&nbsp;<\/p>\n<p>&nbsp;<\/p>\n<p class=\"fr\"><strong>Fantastyczna Przygoda 3<br \/>\n(Wiewi\u00f3rki i Nied\u017awiadki )<br \/>\n<\/strong>Bojkowska 37AA<br \/>\n44-100 Gliwice<br \/>\n+48 32 461 23 20<br \/>\n<strong>przedszkole.fp@fantastycznaprzygoda.suszka.eu<\/strong><\/p>\n<div id=\"address-abi\">\n<div class=\"tab\"><input id=\"tab-one\" name=\"tabs\" type=\"checkbox\"><label for=\"tab-one\">Administratorem Twoich danych osobowych jest Fundacja Fantastyczna Przygoda z siedzib\u0105 w Gliwicach, ul. Bojkowska 37A, 44-100 Gliwice, wpisana do rejestru przedsi\u0119biorc\u00f3w przez S\u0105d Rejonowy w Gliwicach, Wydzia\u0142 X Gospodarczy KRS pod numerem KRS 0000860340, NIP: 631-269-32-69, REGON: 387056058. W sprawie Twoich danych osobowych mo\u017cesz skontaktowa\u0107 si\u0119 z nami wysy\u0142aj\u0105c wiadomo\u015b\u0107 e-mail na nast\u0119puj\u0105cy adres: <a href=\"IOD@fantastycznaprzygoda.suszka.eu\">IOD@fantastycznaprzygoda.suszka.eu<\/a>.<br \/>\n<\/label><\/p>\n<div class=\"tab-content\">\n<p>Twoje dane osobowe przetwarzamy na podstawie wyra\u017conej przez Ciebie zgody w celu obs\u0142ugi Twojego zapytania i dalszego kontaktu.<\/p>\n<p>B\u0119dziemy przetwarza\u0107 Twoje dane osobowe do czasu cofni\u0119cia przez Ciebie zgody na takie przetwarzanie.<\/p>\n<p>W ka\u017cdej chwili mo\u017cesz:<\/p>\n<ol>\n<li>\u017c\u0105da\u0107 od nas dost\u0119pu do Twoich danych, ich sprostowania, usuni\u0119cia lub ograniczenia przetwarzania,<\/li>\n<li>wnie\u015b\u0107 sprzeciw wobec przetwarzania przez nas Twoich danych osobowych,<\/li>\n<li>otrzyma\u0107 od nas Twoje dane osobowe w ustrukturyzowanym, powszechnie u\u017cywanym formacie nadaj\u0105cym si\u0119 do odczytu maszynowego oraz przes\u0142a\u0107 te dane innemu administratorowi (prawo do przenoszenia danych),<\/li>\n<li>cofn\u0105\u0107 wyra\u017con\u0105 zgod\u0119 na przetwarzanie danych osobowych, wysy\u0142aj\u0105c wiadomo\u015b\u0107 e-mail na nast\u0119puj\u0105cy adres: IOD@fantastycznaprzygoda.suszka.eu.<\/li>\n<li>wnie\u015b\u0107 skarg\u0119 do w\u0142a\u015bciwego organu nadzorczego, je\u017celi s\u0105dzisz, \u017ce przetwarzanie przez nas Twoich danych osobowych narusza obowi\u0105zuj\u0105ce w tym zakresie przepisy.<\/li>\n<\/ol>\n<p>Podanie Twoich danych osobowych jest dobrowolne.<\/p>\n<p>Nie b\u0119dziemy wykorzystywa\u0107 Twoich danych w celu zautomatyzowanego podejmowania decyzji, w tym profilowania.<\/p>\n<\/div>\n<\/div>\n<p>&nbsp;<\/p>\n<div class=\"tab\">\n<p><strong>PRZETWARZANIE DANYCH OSOBOWYCH KLIENT\u00d3W, KONTRAHENT\u00d3W I GO\u015aCI<\/strong><\/p>\n<p>Szanowni Pa\u0144stwo,<\/p>\n<p>25 maja 2018 roku wesz\u0142a w \u017cycie Ustawa z dnia 10 maja 2018 roku o ochronie danych osobowych Dz.U. 2018 poz. 1000. Ustawa reguluje zasady ochrony Pani\/Pana danych osobowych zgodnie z Rozporz\u0105dzeniem Parlamentu Europejskiego i Rady (UE) z dnia 27 kwietnia 2016 r. nr 2016\/679 (RODO).<\/p>\n<p><strong>Kto jest administratorem danych osobowych Pa\u0144stwa?<\/strong><\/p>\n<p>Administratorem Pa\u0144stwa danych osobowych jest Fundacja Fantastyczna Przygoda z siedzib\u0105 w: ul. Bojkowska 37AA, 44-100 Gliwice, o nadanym nr NIP: 6312693269 (dalej jako Administrator).<\/p>\n<p><strong>Jak si\u0119 z nami skontaktowa\u0107 w celu uzyskania informacji na temat danych osobowych Pa\u0144stwa i\/lub podopiecznej\/go?<\/strong><\/p>\n<p>Z Administratorem mo\u017cna skontaktowa\u0107 si\u0119 pisemnie za pomoc\u0105 poczty tradycyjnej na adres: podany powy\u017cej lub za pomoc\u0105 poczty e-mail pod adresem: <a href=\"mailto:fundacja@fantastycznaprzygoda.suszka.eu\">fundacja@fantastycznaprzygoda.suszka.eu<\/a>.<\/p>\n<p><strong>Jak dbamy o bezpiecze\u0144stwo danych osobowych Pa\u0144stwa?<\/strong><\/p>\n<p>Zapewniamy wszelkie \u015brodki fizycznej, technicznej i organizacyjnej ochrony danych osobowych przed ich przypadkowym czy umy\u015blnym zniszczeniem, przypadkow\u0105 utrat\u0105, zmian\u0105, nieuprawnionym ujawnieniem, wykorzystaniem czy dost\u0119pem, zgodnie ze wszystkimi obowi\u0105zuj\u0105cymi przepisami.<\/p>\n<p>Wyznaczyli\u015bmy Inspektora Ochrony Danych, Pani\u0105 Ma\u0142gorzat\u0119 Klejny, z kt\u00f3r\u0105 mo\u017cna si\u0119 skontaktowa\u0107 za pomoc\u0105 poczty e-mail pod adresem: <a href=\"mailto:iod@fantastycznaprzygoda.suszka.eu\">iod@fantastycznaprzygoda.suszka.eu<\/a>.<\/p>\n<p><strong>Jakie maj\u0105 Pa\u0144stwo prawa w stosunku do danych, kt\u00f3re Pa\u0144stwa dotycz\u0105, a kt\u00f3re przetwarzamy?<\/strong><\/p>\n<p>Ma Pani\/Pan prawo do \u017c\u0105dania od Administratora: dost\u0119pu do Pani\/Pana danych osobowych oraz otrzymania ich kopii; sprostowania (poprawiania) Pani\/Pana danych osobowych; usuni\u0119cia Pani\/Pana danych osobowych w sytuacji gdy przetwarzanie nie nast\u0119puje w celu wywi\u0105zania si\u0119 z obowi\u0105zku wynikaj\u0105cego z przepisu prawa; ograniczenia przetwarzania Pani\/Pana danych osobowych; wniesienia sprzeciwu wobec przetwarzania Pani\/pana danych osobowych; przenoszenia Pani\/Pana danych osobowych; wniesienia skargi do Prezesa Urz\u0119du Ochrony Danych Osobowych (dane kontaktowe na stronie urz\u0119du pod adresem www.uodo.gov.pl) w przypadku gdy uznaj\u0105 Pa\u0144stwo, i\u017c przetwarzanie danych osobowych narusza przepisy RODO.<\/p>\n<p><strong>Jaka jest podstawa prawna przetwarzania Pa\u0144stwa danych osobowych?<\/strong><\/p>\n<p>Pa\u0144stwa dane osobowe przetwarzane s\u0105 poniewa\u017c spe\u0142niony zosta\u0142 co najmniej jeden z poni\u017cszych warunk\u00f3w art. 6 ust. 1 RODO:<\/p>\n<ul>\n<li>wyrazili Pa\u0144stwo zgode\u0328 na przetwarzanie swoich danych osobowych w jednym lub wie\u0328kszej liczbie okres\u0301lonych celo\u0301w;<\/li>\n<li>przetwarzanie jest niezbe\u0328dne do wykonania umowy, kto\u0301rej Pa\u0144stwo jeste\u015bcie strona\u0328, lub do podje\u0328cia dzia\u0142an\u0301 na Pa\u0144stwa z\u0307a\u0328danie przed zawarciem umowy;<\/li>\n<li>przetwarzanie jest niezb\u0119dne do wype\u0142nienia obowi\u0105zku prawnego cia\u0328z\u0307a\u0328cego na Administratorze;<\/li>\n<li>przetwarzanie jest niezb\u0119dne do ochrony \u017cywotnych interes\u00f3w Pa\u0144stwa lub innej osoby fizycznej;<\/li>\n<li>przetwarzanie jest niezbe\u0328dne do wykonania zadania realizowanego w interesie publicznym lub w ramach sprawowania w\u0142adzy publicznej powierzonej Administratorowi;<\/li>\n<li>przetwarzanie jest niezbe\u0328dne do celo\u0301w wynikaja\u0328cych z prawnie uzasadnionych intereso\u0301w realizowanych przez Administratora lub przez strone\u0328 trzecia\u0328<\/li>\n<\/ul>\n<p><strong>Jaki jest cel przetwarzania Pa\u0144stwa danych osobowych?<\/strong><\/p>\n<p>Dane osobowe przetwarzamy w celu:<\/p>\n<ul>\n<li>tworzenia optymalnych warunk\u00f3w realizacji dzia\u0142alno\u015bci dydaktycznej, wychowawczej i opieku\u0144czej,<\/li>\n<li>innej dzia\u0142alno\u015bci statutowej,<\/li>\n<li>zapewnienia ka\u017cdemu dziecku optymalnych warunk\u00f3w&nbsp; do jego rozwoju, podnoszenia jako\u015bci pracy plac\u00f3wki i jej rozwoju organizacyjnego.<\/li>\n<\/ul>\n<p><strong>Kto mo\u017ce by\u0107 odbiorc\u0105 Pa\u0144stwa danych osobowych?<\/strong><\/p>\n<p>Dane osobowe Pani\/Pana udost\u0119pniamy tylko podmiotom, kt\u00f3re ich potrzebuj\u0105, aby\u015bmy mogli zagwarantowa\u0107 wysok\u0105 jako\u015b\u0107 naszej us\u0142ugi. Dane przetwarzane s\u0105 na podstawie umowy z Fundacj\u0105 i wy\u0142\u0105cznie z polecenia Fundacji. Nie udost\u0119pniamy \u017cadnym podmiotom zewn\u0119trznym tych danych na u\u017cytek w\u0142asny. Wszyscy partnerzy, kt\u00f3rzy przetwarzaj\u0105 dane osobowe Pani\/Pana zapewniaj\u0105 bezpiecze\u0144stwo danych i wype\u0142niaj\u0105 wszystkie obowi\u0105zki w zakresie ochrony danych osobowych.<\/p>\n<p><strong>Jakie s\u0105 zasady przekazywania Pa\u0144stwa danych osobowych poza EOG?<\/strong><\/p>\n<p>Pa\u0144stwa dane osobowe nie s\u0105 przekazywane do odbiorc\u00f3w w pa\u0144stwach trzecich, tj. poza Europejski Obszar Gospodarczy (EOG) lub do organizacji mi\u0119dzynarodowych.<\/p>\n<p><strong>Jak d\u0142ugo przechowujemy Pa\u0144stwa dane osobowe?<\/strong><\/p>\n<p>Nie b\u0119dziemy przechowywali danych osobowych Pani\/Pana d\u0142u\u017cej ni\u017c b\u0119dzie to konieczne do osi\u0105gni\u0119cia cel\u00f3w, do jakich dane zosta\u0142y zgromadzone lub d\u0142u\u017cej ni\u017c jest to okre\u015blone prawem. W stosunku do danych przetwarzanych na podstawie zgody \u2013 do momentu jej wycofania. W przypadku przetwarzania w celu udzielenia odpowiedzi na pytanie \u2013 przez 1 rok od zako\u0144czenia korespondencji. W pozosta\u0142ych przypadkach b\u0119dzie to okres przedawnienia roszcze\u0144 lub inne okresy przewidziane prawem.<\/p>\n<p><strong>Jak mo\u017cemy podejmowa\u0107 decyzje w oparciu o Pa\u0144stwa dane osobowe?<\/strong><\/p>\n<p>W oparciu o Pa\u0144stwa dane osobowe nie podejmujemy zautomatyzowanych decyzji, nie dokonujemy r\u00f3wnie\u017c na ich automatycznego profilowania.<\/p>\n<p>Fundacja nie prowadzi monitoringu wizyjnego. Monitoring wizyjny stosowany jest przez w\u0142a\u015bciciela obiektu.<\/p>\n<p>&nbsp;<\/p>\n<p>Z powa\u017caniem<\/p>\n<p>Zarz\u0105d Fundacji<\/p>\n<p>&nbsp;<\/p>\n<p>&nbsp;<\/p>\n<p>&nbsp;<\/p>\n<p>&nbsp;<\/p>\n<p>&nbsp;<\/p>\n<p>&nbsp;<\/p>\n<p><strong>Polityka cookies<\/strong><\/p>\n<ol>\n<li>Pliki cookies to niewielkie informacje tekstowe, tworzone automatycznie przez<\/li>\n<\/ol>\n<p>przegl\u0105dark\u0119 podczas odwiedzania stron internetowych, wysy\u0142ane przez serwer i<\/p>\n<p>zapisywane po stronie urz\u0105dzenia U\u017cytkownika (najcz\u0119\u015bciej na twardym dysku). Parametry<\/p>\n<p>ciasteczek pozwalaj\u0105 na odczytanie informacji w nich zawartych jedynie serwerowi, kt\u00f3ry<\/p>\n<p>je utworzy\u0142.<\/p>\n<ol start=\"2\">\n<li>Pliki cookies zawieraj\u0105 r\u00f3\u017cne informacje o U\u017cytkowniku danej strony internetowej i historii<\/li>\n<\/ol>\n<p>jego \u0142\u0105czno\u015bci ze stron\u0105. Informacje jakie s\u0105 zbierane to:<\/p>\n<ol>\n<li>adres IP u\u017cytkownika,<\/li>\n<li>informacje o innych stronach jakie U\u017cytkownik przegl\u0105da\u0142 przed wej\u015bciem na<\/li>\n<\/ol>\n<p>stron\u0119,<\/p>\n<ol>\n<li>informacje o przegl\u0105darce u\u017cywanej przez U\u017cytkownika, informacje o ewentualnych<\/li>\n<\/ol>\n<p>b\u0142\u0119dach podczas wy\u015bwietlania stron.<\/p>\n<ol start=\"3\">\n<li>Na stronie portalu wykorzystywane s\u0105 pliki:<\/li>\n<li>niezb\u0119dne cookie techniczne \u2013 s\u0105 nieodzowne do poprawnego dzia\u0142ania strony<\/li>\n<\/ol>\n<p>WWW \u2013 np. tzw. session id, kt\u00f3ry umo\u017cliwia poprawne nawigowanie po stronie, jest<\/p>\n<p>to jedyny rodzaj plik\u00f3w cookie, kt\u00f3ry nie wymaga zgody u\u017cytkownika ko\u0144cowego,<\/p>\n<p>gdy\u017c dane w nich zawarte nie s\u0105 wykorzystywane w innych celach jak wy\u0142\u0105cznie<\/p>\n<p>do prawid\u0142owego wy\u015bwietlania strony WWW \u2013 podstawa zbierania plik\u00f3w cookie to<\/p>\n<p>prawnie uzasadniony interes Administratora, tj. art. 6 ust. 1 lit. f RODO,<\/p>\n<ol>\n<li>funkcjonalne cookie techniczne \u2013 u\u0142atwiaj\u0105ce dzia\u0142anie strony z perspektywy<\/li>\n<\/ol>\n<p>u\u017cytkownika, np. j\u0119zyk strony, kolor t\u0142a, ramki, czcionka itp., s\u0142u\u017c\u0105 g\u0142\u00f3wnie do<\/p>\n<p>zapami\u0119tywania preferencji u\u017cytkownika, aby nie musia\u0142 za ka\u017cdym razem,<\/p>\n<p>odwiedzaj\u0105c t\u0119 sam\u0105 stron\u0119, ustawia\u0107 jej zgodnie ze swoimi gustami \u2013 podstawa<\/p>\n<p>zbierania plik\u00f3w cookie to zgoda u\u017cytkownika, tj. art. 6 ust. 1 lit. a RODO,<\/p>\n<ol>\n<li>cookie statystyczne \u2013 pomagaj\u0105ce w badaniach stron, pozwalaj\u0105 w\u0142a\u015bcicielowi<\/li>\n<\/ol>\n<p>strony na podgl\u0105d mi\u0119dzy innymi statystyk ruchu, kt\u00f3ry odbywa si\u0119 na stronie \u2013<\/p>\n<p>podstawa zbierania plik\u00f3w cookie to zgoda u\u017cytkownika, tj. art. 6 ust. 1 lit. a RODO.<\/p>\n<ol start=\"4\">\n<li>Udost\u0119pniaj\u0105cy mo\u017ce zamie\u015bci\u0107 lub zezwoli\u0107 podmiotowi zewn\u0119trznemu na zamieszczenie<\/li>\n<\/ol>\n<p>plik\u00f3w cookies na urz\u0105dzeniu u\u017cytkownika w celu zapewnienia prawid\u0142owego<\/p>\n<p>funkcjonowania strony www. Pomaga to monitorowa\u0107 i sprawdza\u0107 jej dzia\u0142ania. Podmiotem<\/p>\n<ol start=\"5\">\n<li>U\u017cytkownik mo\u017ce ustawi\u0107 swoj\u0105 przegl\u0105dark\u0119 w taki spos\u00f3b, aby pliki cookies nie<\/li>\n<\/ol>\n<p>zapisywa\u0142y si\u0119 na jego dysku albo automatycznie usuwa\u0142y w okre\u015blonym czasie. Ustawienia<\/p>\n<p>te mog\u0105 wi\u0119c zosta\u0107 zmienione w taki spos\u00f3b, aby blokowa\u0107 automatyczn\u0105 obs\u0142ug\u0119 plik\u00f3w<\/p>\n<p>cookies w ustawieniach przegl\u0105darki internetowej b\u0105d\u017a informowa\u0107 o ich ka\u017cdorazowym<\/p>\n<p>przes\u0142aniu na urz\u0105dzenie U\u017cytkownika.<\/p>\n<ol start=\"6\">\n<li>Wycofanie zgody na dzia\u0142anie plik\u00f3w cookies mo\u017ce prowadzi\u0107 do problem\u00f3w z<\/li>\n<\/ol>\n<p>wy\u015bwietlaniem niekt\u00f3rych witryn, niedost\u0119pno\u015bci niekt\u00f3rych us\u0142ug.<\/p>\n<p><strong>Google Analytics<\/strong><\/p>\n<ol>\n<li>Serwis korzysta z us\u0142ugi analitycznej firmy Google LL.C., 1600 Amphitheatre Parkway,<\/li>\n<\/ol>\n<p>Mountain View, CA 94043, USA &#8211; Google Analitycs. Google Analytics jest systemem<\/p>\n<p>statystyk, dzi\u0119ki kt\u00f3remu Administrator mo\u017ce uzyska\u0107 informacje na temat U\u017cytkownika<\/p>\n<p>odwiedzaj\u0105cego stron\u0119 Administratora.<\/p>\n<ol start=\"2\">\n<li>Wygenerowane przez cookies informacje o aktywno\u015bci U\u017cytkownika w Serwisie mog\u0105 by\u0107<\/li>\n<\/ol>\n<p>przes\u0142ane na serwer Google w USA, gdzie s\u0105 przechowywane. Google przekazuje dane do<\/p>\n<p>pa\u0144stw trzecich w oparciu o zatwierdzone przez Komisj\u0119 Europejsk\u0105 standardowe klauzule<\/p>\n<p>umowne.<\/p>\n<ol start=\"3\">\n<li>Podstaw\u0105 prawn\u0105 dla korzystania z Google Analytics jest art. 6 ust. 1 lit. a RODO, a wi\u0119c<\/li>\n<\/ol>\n<p>zgoda wyra\u017cona przez u\u017cytkownika.<\/p>\n<ol start=\"4\">\n<li>Serwis korzysta z Google Analytics z rozszerzeniem &#8222;_anonimizeIp()&#8221; i dlatego adresy IP s\u0105<\/li>\n<\/ol>\n<p>przetwarzane dalej tylko w postaci skr\u00f3conej. Ma to na celu uniemo\u017cliwienie<\/p>\n<p>bezpo\u015bredniego przypisania ich do danej osoby. Wskutek aktywowania opcji anonimizacji<\/p>\n<p>IP na tej stronie internetowej adres IP U\u017cytkownika zostanie skr\u00f3cony przez Google, je\u017celi<\/p>\n<p>U\u017cytkownik przebywa w krajach cz\u0142onkowskich Unii Europejskiej lub w innych krajach<\/p>\n<p>b\u0119d\u0105cych stronami Porozumienia o Europejskim Obszarze Gospodarczym. Jedynie w<\/p>\n<p>wyj\u0105tkowych przypadkach na serwer Google w USA przesy\u0142any jest pe\u0142ny adres IP, a<\/p>\n<p>nast\u0119pnie tam skracany.<\/p>\n<ol start=\"5\">\n<li>Adres IP przesy\u0142any przez Pa\u0144stwa przegl\u0105dark\u0119 w ramach Google Analytics nie jest<\/li>\n<\/ol>\n<p>\u0142\u0105czony z innymi danymi Google.<\/p>\n<ol start=\"6\">\n<li>W celu uniemo\u017cliwienia gromadzenia wytworzonych przez cookies i zwi\u0105zanych z<\/li>\n<\/ol>\n<p>korzystaniem z witryny danych, jak r\u00f3wnie\u017c przetwarzania tych danych przez Google,<\/p>\n<p>U\u017cytkownik mo\u017ce skorzysta\u0107 z rozwi\u0105zania opisanego na stronie<\/p>\n<p>https:\/\/tools.google.com\/dlpage\/gaoptout<\/p>\n<ol start=\"7\">\n<li>Aby dokona\u0107 zmian w ilo\u015bci udost\u0119pnionych danych, U\u017cytkownik powinien sprawdzi\u0107<\/li>\n<\/ol>\n<p>ustawienia swojej przegl\u0105darki.<\/p>\n<p><strong>Postanowienia ko\u0144cowe<\/strong><\/p>\n<ol>\n<li>Administrator zastrzega sobie prawo do wprowadzania zmian, aktualizacji powy\u017cszej Polityki<\/li>\n<\/ol>\n<p>prywatno\u015bci. O ka\u017cdych zmianach b\u0119dziemy informowa\u0107 U\u017cytkownik\u00f3w przez stron\u0119 https:\/\/fantastycznaprzygoda.suszka.eu?page_id=81 w zak\u0142adce Polityka Prywatno\u015bci.<\/p>\n<\/div>\n<\/div>\n","protected":false},"excerpt":{"rendered":"<p>Fantastyczna Przygoda (S\u00f3wki i Rysie) Bojkowska 37AA 44-100 Gliwice +48 32 461 23 21 fantastycznaprzygoda@fantastycznaprzygoda.suszka.eu &nbsp; &nbsp; &nbsp; &nbsp; Fantastyczna Przygoda 3 (Wiewi\u00f3rki i Nied\u017awiadki ) Bojkowska 37AA 44-100 Gliwice +48 32 461 23 20 przedszkole.fp@fantastycznaprzygoda.suszka.eu Administratorem Twoich danych osobowych jest Fundacja Fantastyczna Przygoda z siedzib\u0105 w Gliwicach, ul. Bojkowska 37A, 44-100 Gliwice, wpisana do [&hellip;]<\/p>\n","protected":false},"author":20,"featured_media":0,"parent":0,"menu_order":0,"comment_status":"closed","ping_status":"closed","template":"","meta":{"footnotes":""},"class_list":["post-48","page","type-page","status-publish","hentry"],"_links":{"self":[{"href":"https:\/\/fantastycznaprzygoda.suszka.eu\/index.php?rest_route=\/wp\/v2\/pages\/48"}],"collection":[{"href":"https:\/\/fantastycznaprzygoda.suszka.eu\/index.php?rest_route=\/wp\/v2\/pages"}],"about":[{"href":"https:\/\/fantastycznaprzygoda.suszka.eu\/index.php?rest_route=\/wp\/v2\/types\/page"}],"author":[{"embeddable":true,"href":"https:\/\/fantastycznaprzygoda.suszka.eu\/index.php?rest_route=\/wp\/v2\/users\/20"}],"replies":[{"embeddable":true,"href":"https:\/\/fantastycznaprzygoda.suszka.eu\/index.php?rest_route=%2Fwp%2Fv2%2Fcomments&post=48"}],"version-history":[{"count":49,"href":"https:\/\/fantastycznaprzygoda.suszka.eu\/index.php?rest_route=\/wp\/v2\/pages\/48\/revisions"}],"predecessor-version":[{"id":51708,"href":"https:\/\/fantastycznaprzygoda.suszka.eu\/index.php?rest_route=\/wp\/v2\/pages\/48\/revisions\/51708"}],"wp:attachment":[{"href":"https:\/\/fantastycznaprzygoda.suszka.eu\/index.php?rest_route=%2Fwp%2Fv2%2Fmedia&parent=48"}],"curies":[{"name":"wp","href":"https:\/\/api.w.org\/{rel}","templated":true}]}}