{"id":15592,"date":"2019-04-17T14:47:42","date_gmt":"2019-04-17T12:47:42","guid":{"rendered":"https:\/\/fantastycznaprzygoda.suszka.eu?page_id=15592"},"modified":"2024-09-23T12:44:25","modified_gmt":"2024-09-23T10:44:25","slug":"fantastyczna-przygoda-3-4","status":"publish","type":"page","link":"https:\/\/fantastycznaprzygoda.suszka.eu\/?page_id=15592","title":{"rendered":"Fantastyczna Przygoda 3"},"content":{"rendered":"<div style=\"clear: both;\">\n<hr>\n<p><strong>Kasia &#8211; za\u0142o\u017cycielka i dyrektor Fantastycznej Przygody 3<\/strong><\/p>\n<p style=\"text-align: justify;\">Jestem absolwentk\u0105 Uniwersytetu \u015al\u0105skiego na kierunku zintegrowana edukacja wczesnoszkoln\u0105 i wychowanie przedszkolne oraz pedagogiki opieku\u0144czo-wychowawczej. Praca z dzie\u0107mi jest moj\u0105 pasj\u0105, w kt\u00f3rej spe\u0142niam si\u0119 od dw\u00f3ch lat. W Fantastycznej Przygodzie opr\u00f3cz zaj\u0119\u0107 dydaktyczno-wychowawczych ucz\u0119 tak\u017ce j\u0119zyka angielskiego. W pracy z dzie\u0107mi k\u0142ad\u0119 du\u017cy nacisk na rozw\u00f3j zdolno\u015bci muzycznych i plastycznych. Jestem osob\u0105 kreatywn\u0105, ciep\u0142\u0105 i wra\u017cliw\u0105 na potrzeby ma\u0142ego cz\u0142owieka.<\/p>\n<p><strong>Sylwia &#8211; nauczyciel wychowania przedszkolnego<\/strong><\/p>\n<p><strong>Wychowawca grupy: Wiewi\u00f3rki<\/strong><\/p>\n<p style=\"text-align: justify;\">Uko\u0144czy\u0142am studia o specjalno\u015bci nauczycielskiej na Uniwersytecie \u015al\u0105skim w Katowicach oraz podyplomowe studia z zakresu edukacji wczesnoszkolnej i przedszkolnej. Praca z dzie\u0107mi wymaga nie tylko wielkiej cierpliwo\u015bci, ale i kreatywno\u015bci, dlatego konieczne jest ci\u0105g\u0142e poszerzanie swoich kwalifikacji i umiej\u0119tno\u015bci. Bardzo cieszy mnie, kiedy zaproponowane przeze mnie zabawy, czy pomys\u0142y prac plastycznych spotykaj\u0105 si\u0119 z aprobat\u0105 najm\u0142odszych. Zaanga\u017cowanie moich podopiecznych w realizacj\u0119 wymy\u015blanych przeze mnie zada\u0144 przynosi mi wielk\u0105 satysfakcj\u0119 i nieustannie motywuje do dalszego zaskakiwania maluch\u00f3w nowymi pomys\u0142ami.<\/p>\n<p><strong>Aneta- nauczyciel wychowania przedszkolnego<\/strong><\/p>\n<p><strong>Wychowawca grupy: Wiewi\u00f3rki<\/strong><\/p>\n<p>&nbsp;<\/p>\n<p><strong>Kasia &#8211; nauczyciel wychowania przedszkolnego<\/strong><\/p>\n<p><strong>Wychowawca grupy: Nied\u017awiadki<\/strong><\/p>\n<p>&nbsp;<\/p>\n<div style=\"clear: both;\">&nbsp;<strong>Karolina\u2013 nauczyciel wychowania przedszkolnego<\/strong><\/div>\n<div>&nbsp;<\/div>\n<div><strong>Wychowawca grupy: Nied\u017awiadki<\/strong><\/div>\n<div style=\"clear: both;\">\n<p style=\"text-align: justify;\">Jestem absolwentk\u0105 Wy\u017cszej Szko\u0142y Bankowej na kierunku Pedagogika wczesnoszkolna i wychowanie przedszkolne. Sko\u0144czy\u0142am r\u00f3wnie\u017c pierwszy stopie\u0144 szko\u0142y muzycznej dlatego muzyka jest wa\u017cnym elementem w mojej pracy. Odk\u0105d pami\u0119tam moim marzeniem by\u0142a praca z dzie\u0107mi. Pasjonuje mnie ich rozw\u00f3j, a kreatywno\u015b\u0107 wci\u0105\u017c zachwyca. Staram si\u0119 patrze\u0107 na indywidualne potrzeby dzieci, s\u0142ucha\u0107 i rozumie\u0107, by\u0107 blisko. Zawsze przy\u015bwieca mi my\u015bl, \u017ce dziecko to taki sam cz\u0142owiek jak doros\u0142y, dlatego traktuje je z szacunkiem i zrozumieniem. Zaj\u0119cia staram si\u0119 prowadzi\u0107 w spos\u00f3b praktyczny i ciekawy, zach\u0119caj\u0105cy dzieci do ci\u0105g\u0142ego poznawania \u015bwiata.<\/p>\n<\/div>\n<div style=\"clear: both;\">&nbsp;<\/div>\n<div style=\"clear: both;\">\n<div style=\"clear: both;\"><strong>Ligia\u2013 nauczyciel wychowania przedszkolnego<br \/>\n<\/strong><\/p>\n<p style=\"text-align: justify;\">Uko\u0144czy\u0142am magisterskie studia pedagogiczna na Akademii im. Jana D\u0142ugosza w Cz\u0119stochowie uzyskuj\u0105c uprawnienia do pracy z dzie\u0107mi w przedszkolu oraz w szkole w klasach 1-3. Doskonali\u0142am swoj\u0105 wiedz\u0119 podczas podj\u0119tych przeze mnie studi\u00f3w podyplomowych z logopedii. W swojej pracy staram si\u0119 patrze\u0107 na dziecko holistycznie, dostrzegaj\u0105c jego potrzeby i trudno\u015bci, z kt\u00f3rymi si\u0119 zmaga. Ch\u0119tnie si\u0119gam po gitar\u0119, kt\u00f3ra zawsze zaciekawia i daje du\u017co rado\u015bci moim podopiecznym.<\/p>\n<\/div>\n<div style=\"clear: both;\">\n<p style=\"text-align: justify;\">&nbsp;<\/p>\n<\/div>\n<\/div>\n<\/div>\n","protected":false},"excerpt":{"rendered":"<p>Kasia &#8211; za\u0142o\u017cycielka i dyrektor Fantastycznej Przygody 3 Jestem absolwentk\u0105 Uniwersytetu \u015al\u0105skiego na kierunku zintegrowana edukacja wczesnoszkoln\u0105 i wychowanie przedszkolne oraz pedagogiki opieku\u0144czo-wychowawczej. Praca z dzie\u0107mi jest moj\u0105 pasj\u0105, w kt\u00f3rej spe\u0142niam si\u0119 od dw\u00f3ch lat. W Fantastycznej Przygodzie opr\u00f3cz zaj\u0119\u0107 dydaktyczno-wychowawczych ucz\u0119 tak\u017ce j\u0119zyka angielskiego. W pracy z dzie\u0107mi k\u0142ad\u0119 du\u017cy nacisk na rozw\u00f3j [&hellip;]<\/p>\n","protected":false},"author":25,"featured_media":0,"parent":15594,"menu_order":0,"comment_status":"closed","ping_status":"closed","template":"","meta":{"footnotes":""},"class_list":["post-15592","page","type-page","status-publish","hentry"],"_links":{"self":[{"href":"https:\/\/fantastycznaprzygoda.suszka.eu\/index.php?rest_route=\/wp\/v2\/pages\/15592"}],"collection":[{"href":"https:\/\/fantastycznaprzygoda.suszka.eu\/index.php?rest_route=\/wp\/v2\/pages"}],"about":[{"href":"https:\/\/fantastycznaprzygoda.suszka.eu\/index.php?rest_route=\/wp\/v2\/types\/page"}],"author":[{"embeddable":true,"href":"https:\/\/fantastycznaprzygoda.suszka.eu\/index.php?rest_route=\/wp\/v2\/users\/25"}],"replies":[{"embeddable":true,"href":"https:\/\/fantastycznaprzygoda.suszka.eu\/index.php?rest_route=%2Fwp%2Fv2%2Fcomments&post=15592"}],"version-history":[{"count":72,"href":"https:\/\/fantastycznaprzygoda.suszka.eu\/index.php?rest_route=\/wp\/v2\/pages\/15592\/revisions"}],"predecessor-version":[{"id":51705,"href":"https:\/\/fantastycznaprzygoda.suszka.eu\/index.php?rest_route=\/wp\/v2\/pages\/15592\/revisions\/51705"}],"up":[{"embeddable":true,"href":"https:\/\/fantastycznaprzygoda.suszka.eu\/index.php?rest_route=\/wp\/v2\/pages\/15594"}],"wp:attachment":[{"href":"https:\/\/fantastycznaprzygoda.suszka.eu\/index.php?rest_route=%2Fwp%2Fv2%2Fmedia&parent=15592"}],"curies":[{"name":"wp","href":"https:\/\/api.w.org\/{rel}","templated":true}]}}